{"id":6,"date":"2020-02-12T03:35:27","date_gmt":"2020-02-12T06:35:27","guid":{"rendered":"https:\/\/paratyplacas.com\/?page_id=6"},"modified":"2021-03-11T02:48:35","modified_gmt":"2021-03-11T05:48:35","slug":"o-novo-umoma-abre-suas-portas-2","status":"publish","type":"page","link":"https:\/\/paratyplacas.com\/","title":{"rendered":"Seja bem-vindo \u00e0 F\u00e1brica de Placas Automotivas Paraty!"},"content":{"rendered":"\n<div style=\"height:38px\" aria-hidden=\"true\" class=\"wp-block-spacer\"><\/div>\n\n\n\n<h4 class=\"wp-block-heading\"><strong><span class=\"has-inline-color has-black-color\">Conhe\u00e7a os detalhes e os modelos das PLACAS MERCOSUL<\/span><\/strong>:<\/h4>\n\n\n\n<div class=\"wp-block-group alignwide\"><div class=\"wp-block-group__inner-container is-layout-flow wp-block-group-is-layout-flow\">\n<div class=\"wp-block-image is-style-default\"><figure class=\"aligncenter size-large\"><img loading=\"lazy\" decoding=\"async\" width=\"1024\" height=\"813\" src=\"https:\/\/paratyplacas.com\/wp-content\/uploads\/2021\/02\/Captura-de-Tela-2020-02-19-a\u0300s-22.05.53-1024x813.png\" alt=\"\" class=\"wp-image-337\" srcset=\"https:\/\/paratyplacas.com\/wp-content\/uploads\/2021\/02\/Captura-de-Tela-2020-02-19-a\u0300s-22.05.53-1024x813.png 1024w, https:\/\/paratyplacas.com\/wp-content\/uploads\/2021\/02\/Captura-de-Tela-2020-02-19-a\u0300s-22.05.53-300x238.png 300w, https:\/\/paratyplacas.com\/wp-content\/uploads\/2021\/02\/Captura-de-Tela-2020-02-19-a\u0300s-22.05.53-768x609.png 768w, https:\/\/paratyplacas.com\/wp-content\/uploads\/2021\/02\/Captura-de-Tela-2020-02-19-a\u0300s-22.05.53.png 1376w\" sizes=\"auto, (max-width: 1024px) 100vw, 1024px\" \/><figcaption> <\/figcaption><\/figure><\/div>\n<\/div><\/div>\n\n\n\n<div class=\"wp-block-columns alignwide is-layout-flex wp-container-core-columns-is-layout-9d6595d7 wp-block-columns-is-layout-flex\">\n<div class=\"wp-block-column is-layout-flow wp-block-column-is-layout-flow\"><\/div>\n<\/div>\n\n\n\n<h5 class=\"has-text-align-center has-larger-font-size wp-block-heading\">AS PLACAS DOS VE\u00cdCULOS NO BRASIL MUDARAM<strong> <\/strong>PARA<strong> <\/strong>MELHOR.<strong> O NOVO PADR\u00c3O MERCOSUL VEIO COM UM VISUAL<\/strong> <strong>TOTALMENTE RENOVADO E COM MUITO MAIS SEGURAN\u00c7A PARA TODOS.<\/strong><\/h5>\n\n\n\n<div style=\"height:33px\" aria-hidden=\"true\" class=\"wp-block-spacer\"><\/div>\n\n\n\n<div class=\"wp-block-group\"><div class=\"wp-block-group__inner-container is-layout-flow wp-block-group-is-layout-flow\">\n<div class=\"wp-block-group alignfull\"><div class=\"wp-block-group__inner-container is-layout-flow wp-block-group-is-layout-flow\">\n<figure class=\"wp-block-gallery aligncenter columns-3 is-cropped wp-block-gallery-1 is-layout-flex wp-block-gallery-is-layout-flex\"><ul class=\"blocks-gallery-grid\"><li class=\"blocks-gallery-item\"><figure><img loading=\"lazy\" decoding=\"async\" width=\"768\" height=\"1024\" src=\"https:\/\/paratyplacas.com\/wp-content\/uploads\/2021\/02\/WhatsApp-Image-2020-09-04-at-12.35.08-768x1024.jpeg\" alt=\"\" data-id=\"395\" data-full-url=\"https:\/\/paratyplacas.com\/wp-content\/uploads\/2021\/02\/WhatsApp-Image-2020-09-04-at-12.35.08.jpeg\" data-link=\"https:\/\/paratyplacas.com\/?attachment_id=395\" class=\"wp-image-395\" srcset=\"https:\/\/paratyplacas.com\/wp-content\/uploads\/2021\/02\/WhatsApp-Image-2020-09-04-at-12.35.08-768x1024.jpeg 768w, https:\/\/paratyplacas.com\/wp-content\/uploads\/2021\/02\/WhatsApp-Image-2020-09-04-at-12.35.08-225x300.jpeg 225w, https:\/\/paratyplacas.com\/wp-content\/uploads\/2021\/02\/WhatsApp-Image-2020-09-04-at-12.35.08.jpeg 960w\" sizes=\"auto, (max-width: 768px) 100vw, 768px\" \/><\/figure><\/li><li class=\"blocks-gallery-item\"><figure><img loading=\"lazy\" decoding=\"async\" width=\"974\" height=\"969\" src=\"https:\/\/paratyplacas.com\/wp-content\/uploads\/2021\/02\/Fotos-site-paraty-7.jpg\" alt=\"\" data-id=\"397\" data-full-url=\"https:\/\/paratyplacas.com\/wp-content\/uploads\/2021\/02\/Fotos-site-paraty-7.jpg\" data-link=\"https:\/\/paratyplacas.com\/?attachment_id=397\" class=\"wp-image-397\" srcset=\"https:\/\/paratyplacas.com\/wp-content\/uploads\/2021\/02\/Fotos-site-paraty-7.jpg 974w, https:\/\/paratyplacas.com\/wp-content\/uploads\/2021\/02\/Fotos-site-paraty-7-300x298.jpg 300w, https:\/\/paratyplacas.com\/wp-content\/uploads\/2021\/02\/Fotos-site-paraty-7-150x150.jpg 150w, https:\/\/paratyplacas.com\/wp-content\/uploads\/2021\/02\/Fotos-site-paraty-7-768x764.jpg 768w\" sizes=\"auto, (max-width: 974px) 100vw, 974px\" \/><\/figure><\/li><li class=\"blocks-gallery-item\"><figure><img loading=\"lazy\" decoding=\"async\" width=\"974\" height=\"969\" src=\"https:\/\/paratyplacas.com\/wp-content\/uploads\/2021\/02\/Fotos-site-paraty-6.jpg\" alt=\"\" data-id=\"396\" data-full-url=\"https:\/\/paratyplacas.com\/wp-content\/uploads\/2021\/02\/Fotos-site-paraty-6.jpg\" data-link=\"https:\/\/paratyplacas.com\/?attachment_id=396\" class=\"wp-image-396\" srcset=\"https:\/\/paratyplacas.com\/wp-content\/uploads\/2021\/02\/Fotos-site-paraty-6.jpg 974w, https:\/\/paratyplacas.com\/wp-content\/uploads\/2021\/02\/Fotos-site-paraty-6-300x298.jpg 300w, https:\/\/paratyplacas.com\/wp-content\/uploads\/2021\/02\/Fotos-site-paraty-6-150x150.jpg 150w, https:\/\/paratyplacas.com\/wp-content\/uploads\/2021\/02\/Fotos-site-paraty-6-768x764.jpg 768w\" sizes=\"auto, (max-width: 974px) 100vw, 974px\" \/><\/figure><\/li><\/ul><\/figure>\n<\/div><\/div>\n\n\n\n<p><\/p>\n<\/div><\/div>\n\n\n\n<div class=\"wp-block-group\"><div class=\"wp-block-group__inner-container is-layout-flow wp-block-group-is-layout-flow\">\n<div class=\"wp-block-group\"><div class=\"wp-block-group__inner-container is-layout-flow wp-block-group-is-layout-flow\">\n<p><\/p>\n<p><iframe src=\"https:\/\/maps.google.com\/maps?q=aracaju%2Fse&amp;t=m&amp;z=13&amp;output=embed&amp;iwloc=near\" frameborder=\"0\" marginwidth=\"0\" marginheight=\"0\" scrolling=\"no\" aria-label=\"aracaju\/se\"><\/iframe><\/p>\n<\/div><\/div>\n<\/div><\/div>\n","protected":false},"excerpt":{"rendered":"<p>Conhe\u00e7a os detalhes e os modelos das PLACAS MERCOSUL: AS PLACAS DOS VE\u00cdCULOS NO BRASIL MUDARAM PARA MELHOR. O NOVO PADR\u00c3O MERCOSUL VEIO COM UM VISUAL TOTALMENTE RENOVADO E COM MUITO MAIS SEGURAN\u00c7A PARA TODOS.<\/p>\n","protected":false},"author":1,"featured_media":0,"parent":0,"menu_order":0,"comment_status":"closed","ping_status":"closed","template":"","meta":{"footnotes":""},"class_list":["post-6","page","type-page","status-publish","hentry"],"yoast_head":"<!-- This site is optimized with the Yoast SEO plugin v20.0 - https:\/\/yoast.com\/wordpress\/plugins\/seo\/ -->\n<title>Seja bem-vindo \u00e0 F\u00e1brica de Placas Automotivas Paraty! -<\/title>\n<meta name=\"robots\" content=\"index, follow, max-snippet:-1, max-image-preview:large, max-video-preview:-1\" \/>\n<link rel=\"canonical\" href=\"https:\/\/paratyplacas.com\/\" \/>\n<meta property=\"og:locale\" content=\"pt_BR\" \/>\n<meta property=\"og:type\" content=\"article\" \/>\n<meta property=\"og:title\" content=\"Seja bem-vindo \u00e0 F\u00e1brica de Placas Automotivas Paraty! -\" \/>\n<meta property=\"og:description\" content=\"Conhe\u00e7a os detalhes e os modelos das PLACAS MERCOSUL: AS PLACAS DOS VE\u00cdCULOS NO BRASIL MUDARAM PARA MELHOR. O NOVO PADR\u00c3O MERCOSUL VEIO COM UM VISUAL TOTALMENTE RENOVADO E COM MUITO MAIS SEGURAN\u00c7A PARA TODOS.\" \/>\n<meta property=\"og:url\" content=\"https:\/\/paratyplacas.com\/\" \/>\n<meta property=\"article:modified_time\" content=\"2021-03-11T05:48:35+00:00\" \/>\n<meta property=\"og:image\" content=\"https:\/\/paratyplacas.com\/wp-content\/uploads\/2021\/02\/WhatsApp-Image-2020-09-04-at-12.35.08-768x1024.jpeg\" \/>\n<meta name=\"twitter:card\" content=\"summary_large_image\" \/>\n<script type=\"application\/ld+json\" class=\"yoast-schema-graph\">{\"@context\":\"https:\/\/schema.org\",\"@graph\":[{\"@type\":\"WebPage\",\"@id\":\"https:\/\/paratyplacas.com\/\",\"url\":\"https:\/\/paratyplacas.com\/\",\"name\":\"Seja bem-vindo \u00e0 F\u00e1brica de Placas Automotivas Paraty! -\",\"isPartOf\":{\"@id\":\"https:\/\/paratyplacas.com\/#website\"},\"datePublished\":\"2020-02-12T06:35:27+00:00\",\"dateModified\":\"2021-03-11T05:48:35+00:00\",\"inLanguage\":\"pt-BR\",\"potentialAction\":[{\"@type\":\"ReadAction\",\"target\":[\"https:\/\/paratyplacas.com\/\"]}]},{\"@type\":\"WebSite\",\"@id\":\"https:\/\/paratyplacas.com\/#website\",\"url\":\"https:\/\/paratyplacas.com\/\",\"name\":\"\",\"description\":\"\",\"potentialAction\":[{\"@type\":\"SearchAction\",\"target\":{\"@type\":\"EntryPoint\",\"urlTemplate\":\"https:\/\/paratyplacas.com\/?s={search_term_string}\"},\"query-input\":\"required name=search_term_string\"}],\"inLanguage\":\"pt-BR\"}]}<\/script>\n<!-- \/ Yoast SEO plugin. -->","yoast_head_json":{"title":"Seja bem-vindo \u00e0 F\u00e1brica de Placas Automotivas Paraty! -","robots":{"index":"index","follow":"follow","max-snippet":"max-snippet:-1","max-image-preview":"max-image-preview:large","max-video-preview":"max-video-preview:-1"},"canonical":"https:\/\/paratyplacas.com\/","og_locale":"pt_BR","og_type":"article","og_title":"Seja bem-vindo \u00e0 F\u00e1brica de Placas Automotivas Paraty! -","og_description":"Conhe\u00e7a os detalhes e os modelos das PLACAS MERCOSUL: AS PLACAS DOS VE\u00cdCULOS NO BRASIL MUDARAM PARA MELHOR. O NOVO PADR\u00c3O MERCOSUL VEIO COM UM VISUAL TOTALMENTE RENOVADO E COM MUITO MAIS SEGURAN\u00c7A PARA TODOS.","og_url":"https:\/\/paratyplacas.com\/","article_modified_time":"2021-03-11T05:48:35+00:00","og_image":[{"url":"https:\/\/paratyplacas.com\/wp-content\/uploads\/2021\/02\/WhatsApp-Image-2020-09-04-at-12.35.08-768x1024.jpeg"}],"twitter_card":"summary_large_image","schema":{"@context":"https:\/\/schema.org","@graph":[{"@type":"WebPage","@id":"https:\/\/paratyplacas.com\/","url":"https:\/\/paratyplacas.com\/","name":"Seja bem-vindo \u00e0 F\u00e1brica de Placas Automotivas Paraty! -","isPartOf":{"@id":"https:\/\/paratyplacas.com\/#website"},"datePublished":"2020-02-12T06:35:27+00:00","dateModified":"2021-03-11T05:48:35+00:00","inLanguage":"pt-BR","potentialAction":[{"@type":"ReadAction","target":["https:\/\/paratyplacas.com\/"]}]},{"@type":"WebSite","@id":"https:\/\/paratyplacas.com\/#website","url":"https:\/\/paratyplacas.com\/","name":"","description":"","potentialAction":[{"@type":"SearchAction","target":{"@type":"EntryPoint","urlTemplate":"https:\/\/paratyplacas.com\/?s={search_term_string}"},"query-input":"required name=search_term_string"}],"inLanguage":"pt-BR"}]}},"_links":{"self":[{"href":"https:\/\/paratyplacas.com\/index.php?rest_route=\/wp\/v2\/pages\/6","targetHints":{"allow":["GET"]}}],"collection":[{"href":"https:\/\/paratyplacas.com\/index.php?rest_route=\/wp\/v2\/pages"}],"about":[{"href":"https:\/\/paratyplacas.com\/index.php?rest_route=\/wp\/v2\/types\/page"}],"author":[{"embeddable":true,"href":"https:\/\/paratyplacas.com\/index.php?rest_route=\/wp\/v2\/users\/1"}],"replies":[{"embeddable":true,"href":"https:\/\/paratyplacas.com\/index.php?rest_route=%2Fwp%2Fv2%2Fcomments&post=6"}],"version-history":[{"count":97,"href":"https:\/\/paratyplacas.com\/index.php?rest_route=\/wp\/v2\/pages\/6\/revisions"}],"predecessor-version":[{"id":405,"href":"https:\/\/paratyplacas.com\/index.php?rest_route=\/wp\/v2\/pages\/6\/revisions\/405"}],"wp:attachment":[{"href":"https:\/\/paratyplacas.com\/index.php?rest_route=%2Fwp%2Fv2%2Fmedia&parent=6"}],"curies":[{"name":"wp","href":"https:\/\/api.w.org\/{rel}","templated":true}]}}