{"id":7,"date":"2020-02-12T03:35:27","date_gmt":"2020-02-12T06:35:27","guid":{"rendered":"https:\/\/paratyplacas.com\/?page_id=7"},"modified":"2021-02-01T11:49:08","modified_gmt":"2021-02-01T14:49:08","slug":"sobre","status":"publish","type":"page","link":"https:\/\/paratyplacas.com\/?page_id=7","title":{"rendered":"Quem Somos"},"content":{"rendered":"\n<blockquote class=\"wp-block-quote is-layout-flow wp-block-quote-is-layout-flow\"><p><strong> A   Paraty Placas&nbsp;  \u00e9  &nbsp;reconhecida,   em   todo  Estado  de  Sergipe, pela qualidade e credibilidade conquistada atrav\u00e9s da satisfa\u00e7\u00e3o dos nosso clientes.<\/strong><\/p><p><strong>Em meados de 1987 nasceu a F\u00e1brica de placas Paraty<\/strong> oferecendo atendimento especializado com profissionais treinados que produzem placas automotivas de primeira linha com acabamento impec\u00e1vel.<strong>  <\/strong><\/p><p><strong>Venha conhecer as novas e lindas placas modelo MERCOSUL. <\/strong><\/p><\/blockquote>\n\n\n\n<figure class=\"wp-block-gallery columns-1 is-cropped wp-block-gallery-1 is-layout-flex wp-block-gallery-is-layout-flex\"><ul class=\"blocks-gallery-grid\"><li class=\"blocks-gallery-item\"><figure><img loading=\"lazy\" decoding=\"async\" width=\"972\" height=\"792\" src=\"https:\/\/paratyplacas.com\/wp-content\/uploads\/2021\/02\/Fotos-site-paraty-8.jpg\" alt=\"\" data-id=\"339\" class=\"wp-image-339\" srcset=\"https:\/\/paratyplacas.com\/wp-content\/uploads\/2021\/02\/Fotos-site-paraty-8.jpg 972w, https:\/\/paratyplacas.com\/wp-content\/uploads\/2021\/02\/Fotos-site-paraty-8-300x244.jpg 300w, https:\/\/paratyplacas.com\/wp-content\/uploads\/2021\/02\/Fotos-site-paraty-8-768x626.jpg 768w\" sizes=\"auto, (max-width: 972px) 100vw, 972px\" \/><\/figure><\/li><\/ul><\/figure>\n","protected":false},"excerpt":{"rendered":"<p>A Paraty Placas&nbsp; \u00e9 &nbsp;reconhecida, em todo Estado de Sergipe, pela qualidade e credibilidade conquistada atrav\u00e9s da satisfa\u00e7\u00e3o dos nosso clientes. Em meados de 1987 nasceu a F\u00e1brica de placas Paraty oferecendo atendimento especializado com profissionais treinados que produzem placas automotivas de primeira linha com acabamento impec\u00e1vel. Venha conhecer as novas e lindas placas modelo [&hellip;]<\/p>\n","protected":false},"author":1,"featured_media":0,"parent":0,"menu_order":0,"comment_status":"closed","ping_status":"closed","template":"","meta":{"footnotes":""},"class_list":["post-7","page","type-page","status-publish","hentry"],"yoast_head":"<!-- This site is optimized with the Yoast SEO plugin v20.0 - https:\/\/yoast.com\/wordpress\/plugins\/seo\/ -->\n<title>Quem Somos -<\/title>\n<meta name=\"robots\" content=\"index, follow, max-snippet:-1, max-image-preview:large, max-video-preview:-1\" \/>\n<link rel=\"canonical\" href=\"https:\/\/paratyplacas.com\/?page_id=7\" \/>\n<meta property=\"og:locale\" content=\"pt_BR\" \/>\n<meta property=\"og:type\" content=\"article\" \/>\n<meta property=\"og:title\" content=\"Quem Somos -\" \/>\n<meta property=\"og:description\" content=\"A Paraty Placas&nbsp; \u00e9 &nbsp;reconhecida, em todo Estado de Sergipe, pela qualidade e credibilidade conquistada atrav\u00e9s da satisfa\u00e7\u00e3o dos nosso clientes. Em meados de 1987 nasceu a F\u00e1brica de placas Paraty oferecendo atendimento especializado com profissionais treinados que produzem placas automotivas de primeira linha com acabamento impec\u00e1vel. Venha conhecer as novas e lindas placas modelo [&hellip;]\" \/>\n<meta property=\"og:url\" content=\"https:\/\/paratyplacas.com\/?page_id=7\" \/>\n<meta property=\"article:modified_time\" content=\"2021-02-01T14:49:08+00:00\" \/>\n<meta property=\"og:image\" content=\"https:\/\/paratyplacas.com\/wp-content\/uploads\/2021\/02\/Fotos-site-paraty-8.jpg\" \/>\n<meta name=\"twitter:card\" content=\"summary_large_image\" \/>\n<script type=\"application\/ld+json\" class=\"yoast-schema-graph\">{\"@context\":\"https:\/\/schema.org\",\"@graph\":[{\"@type\":\"WebPage\",\"@id\":\"https:\/\/paratyplacas.com\/?page_id=7\",\"url\":\"https:\/\/paratyplacas.com\/?page_id=7\",\"name\":\"Quem Somos -\",\"isPartOf\":{\"@id\":\"https:\/\/paratyplacas.com\/#website\"},\"datePublished\":\"2020-02-12T06:35:27+00:00\",\"dateModified\":\"2021-02-01T14:49:08+00:00\",\"inLanguage\":\"pt-BR\",\"potentialAction\":[{\"@type\":\"ReadAction\",\"target\":[\"https:\/\/paratyplacas.com\/?page_id=7\"]}]},{\"@type\":\"WebSite\",\"@id\":\"https:\/\/paratyplacas.com\/#website\",\"url\":\"https:\/\/paratyplacas.com\/\",\"name\":\"\",\"description\":\"\",\"potentialAction\":[{\"@type\":\"SearchAction\",\"target\":{\"@type\":\"EntryPoint\",\"urlTemplate\":\"https:\/\/paratyplacas.com\/?s={search_term_string}\"},\"query-input\":\"required name=search_term_string\"}],\"inLanguage\":\"pt-BR\"}]}<\/script>\n<!-- \/ Yoast SEO plugin. -->","yoast_head_json":{"title":"Quem Somos -","robots":{"index":"index","follow":"follow","max-snippet":"max-snippet:-1","max-image-preview":"max-image-preview:large","max-video-preview":"max-video-preview:-1"},"canonical":"https:\/\/paratyplacas.com\/?page_id=7","og_locale":"pt_BR","og_type":"article","og_title":"Quem Somos -","og_description":"A Paraty Placas&nbsp; \u00e9 &nbsp;reconhecida, em todo Estado de Sergipe, pela qualidade e credibilidade conquistada atrav\u00e9s da satisfa\u00e7\u00e3o dos nosso clientes. Em meados de 1987 nasceu a F\u00e1brica de placas Paraty oferecendo atendimento especializado com profissionais treinados que produzem placas automotivas de primeira linha com acabamento impec\u00e1vel. Venha conhecer as novas e lindas placas modelo [&hellip;]","og_url":"https:\/\/paratyplacas.com\/?page_id=7","article_modified_time":"2021-02-01T14:49:08+00:00","og_image":[{"url":"https:\/\/paratyplacas.com\/wp-content\/uploads\/2021\/02\/Fotos-site-paraty-8.jpg"}],"twitter_card":"summary_large_image","schema":{"@context":"https:\/\/schema.org","@graph":[{"@type":"WebPage","@id":"https:\/\/paratyplacas.com\/?page_id=7","url":"https:\/\/paratyplacas.com\/?page_id=7","name":"Quem Somos -","isPartOf":{"@id":"https:\/\/paratyplacas.com\/#website"},"datePublished":"2020-02-12T06:35:27+00:00","dateModified":"2021-02-01T14:49:08+00:00","inLanguage":"pt-BR","potentialAction":[{"@type":"ReadAction","target":["https:\/\/paratyplacas.com\/?page_id=7"]}]},{"@type":"WebSite","@id":"https:\/\/paratyplacas.com\/#website","url":"https:\/\/paratyplacas.com\/","name":"","description":"","potentialAction":[{"@type":"SearchAction","target":{"@type":"EntryPoint","urlTemplate":"https:\/\/paratyplacas.com\/?s={search_term_string}"},"query-input":"required name=search_term_string"}],"inLanguage":"pt-BR"}]}},"_links":{"self":[{"href":"https:\/\/paratyplacas.com\/index.php?rest_route=\/wp\/v2\/pages\/7","targetHints":{"allow":["GET"]}}],"collection":[{"href":"https:\/\/paratyplacas.com\/index.php?rest_route=\/wp\/v2\/pages"}],"about":[{"href":"https:\/\/paratyplacas.com\/index.php?rest_route=\/wp\/v2\/types\/page"}],"author":[{"embeddable":true,"href":"https:\/\/paratyplacas.com\/index.php?rest_route=\/wp\/v2\/users\/1"}],"replies":[{"embeddable":true,"href":"https:\/\/paratyplacas.com\/index.php?rest_route=%2Fwp%2Fv2%2Fcomments&post=7"}],"version-history":[{"count":15,"href":"https:\/\/paratyplacas.com\/index.php?rest_route=\/wp\/v2\/pages\/7\/revisions"}],"predecessor-version":[{"id":340,"href":"https:\/\/paratyplacas.com\/index.php?rest_route=\/wp\/v2\/pages\/7\/revisions\/340"}],"wp:attachment":[{"href":"https:\/\/paratyplacas.com\/index.php?rest_route=%2Fwp%2Fv2%2Fmedia&parent=7"}],"curies":[{"name":"wp","href":"https:\/\/api.w.org\/{rel}","templated":true}]}}