{"id":8,"date":"2020-02-12T03:35:27","date_gmt":"2020-02-12T06:35:27","guid":{"rendered":"https:\/\/paratyplacas.com\/?page_id=8"},"modified":"2021-02-01T11:34:24","modified_gmt":"2021-02-01T14:34:24","slug":"contato","status":"publish","type":"page","link":"https:\/\/paratyplacas.com\/?page_id=8","title":{"rendered":"Contato"},"content":{"rendered":"\n<p>______________________________________________________________________________<\/p>\n\n\n\n<p><strong>Estamos \u00e0 sua disposi\u00e7\u00e3o. AGENDE A INSTALA\u00c7\u00c3O DA SUA PLACA MERCOSUL.<\/strong><\/p>\n\n\n\n<p>E-mail: paratyplacasfilial@outlook.com<\/p>\n\n\n\n<p>Fone: 79 3231-4000<\/p>\n\n\n\n<p>Celular: 79 9990-6837<\/p>\n\n\n\n<p>Endere\u00e7o: Avenida Tancredo Neves, 3376. Ponto Novo. Aracaju\/SE.<\/p>\n\n\n\n<p>______________________________________________________________________________<\/p>\n","protected":false},"excerpt":{"rendered":"<p>______________________________________________________________________________ Estamos \u00e0 sua disposi\u00e7\u00e3o. AGENDE A INSTALA\u00c7\u00c3O DA SUA PLACA MERCOSUL. E-mail: paratyplacasfilial@outlook.com Fone: 79 3231-4000 Celular: 79 9990-6837 Endere\u00e7o: Avenida Tancredo Neves, 3376. Ponto Novo. Aracaju\/SE. ______________________________________________________________________________<\/p>\n","protected":false},"author":1,"featured_media":0,"parent":0,"menu_order":0,"comment_status":"closed","ping_status":"closed","template":"","meta":{"footnotes":""},"class_list":["post-8","page","type-page","status-publish","hentry"],"yoast_head":"<!-- This site is optimized with the Yoast SEO plugin v20.0 - https:\/\/yoast.com\/wordpress\/plugins\/seo\/ -->\n<title>Contato -<\/title>\n<meta name=\"robots\" content=\"index, follow, max-snippet:-1, max-image-preview:large, max-video-preview:-1\" \/>\n<link rel=\"canonical\" href=\"https:\/\/paratyplacas.com\/?page_id=8\" \/>\n<meta property=\"og:locale\" content=\"pt_BR\" \/>\n<meta property=\"og:type\" content=\"article\" \/>\n<meta property=\"og:title\" content=\"Contato -\" \/>\n<meta property=\"og:description\" content=\"______________________________________________________________________________ Estamos \u00e0 sua disposi\u00e7\u00e3o. AGENDE A INSTALA\u00c7\u00c3O DA SUA PLACA MERCOSUL. E-mail: paratyplacasfilial@outlook.com Fone: 79 3231-4000 Celular: 79 9990-6837 Endere\u00e7o: Avenida Tancredo Neves, 3376. Ponto Novo. Aracaju\/SE. ______________________________________________________________________________\" \/>\n<meta property=\"og:url\" content=\"https:\/\/paratyplacas.com\/?page_id=8\" \/>\n<meta property=\"article:modified_time\" content=\"2021-02-01T14:34:24+00:00\" \/>\n<meta name=\"twitter:card\" content=\"summary_large_image\" \/>\n<script type=\"application\/ld+json\" class=\"yoast-schema-graph\">{\"@context\":\"https:\/\/schema.org\",\"@graph\":[{\"@type\":\"WebPage\",\"@id\":\"https:\/\/paratyplacas.com\/?page_id=8\",\"url\":\"https:\/\/paratyplacas.com\/?page_id=8\",\"name\":\"Contato -\",\"isPartOf\":{\"@id\":\"https:\/\/paratyplacas.com\/#website\"},\"datePublished\":\"2020-02-12T06:35:27+00:00\",\"dateModified\":\"2021-02-01T14:34:24+00:00\",\"inLanguage\":\"pt-BR\",\"potentialAction\":[{\"@type\":\"ReadAction\",\"target\":[\"https:\/\/paratyplacas.com\/?page_id=8\"]}]},{\"@type\":\"WebSite\",\"@id\":\"https:\/\/paratyplacas.com\/#website\",\"url\":\"https:\/\/paratyplacas.com\/\",\"name\":\"\",\"description\":\"\",\"potentialAction\":[{\"@type\":\"SearchAction\",\"target\":{\"@type\":\"EntryPoint\",\"urlTemplate\":\"https:\/\/paratyplacas.com\/?s={search_term_string}\"},\"query-input\":\"required name=search_term_string\"}],\"inLanguage\":\"pt-BR\"}]}<\/script>\n<!-- \/ Yoast SEO plugin. -->","yoast_head_json":{"title":"Contato -","robots":{"index":"index","follow":"follow","max-snippet":"max-snippet:-1","max-image-preview":"max-image-preview:large","max-video-preview":"max-video-preview:-1"},"canonical":"https:\/\/paratyplacas.com\/?page_id=8","og_locale":"pt_BR","og_type":"article","og_title":"Contato -","og_description":"______________________________________________________________________________ Estamos \u00e0 sua disposi\u00e7\u00e3o. AGENDE A INSTALA\u00c7\u00c3O DA SUA PLACA MERCOSUL. E-mail: paratyplacasfilial@outlook.com Fone: 79 3231-4000 Celular: 79 9990-6837 Endere\u00e7o: Avenida Tancredo Neves, 3376. Ponto Novo. Aracaju\/SE. ______________________________________________________________________________","og_url":"https:\/\/paratyplacas.com\/?page_id=8","article_modified_time":"2021-02-01T14:34:24+00:00","twitter_card":"summary_large_image","schema":{"@context":"https:\/\/schema.org","@graph":[{"@type":"WebPage","@id":"https:\/\/paratyplacas.com\/?page_id=8","url":"https:\/\/paratyplacas.com\/?page_id=8","name":"Contato -","isPartOf":{"@id":"https:\/\/paratyplacas.com\/#website"},"datePublished":"2020-02-12T06:35:27+00:00","dateModified":"2021-02-01T14:34:24+00:00","inLanguage":"pt-BR","potentialAction":[{"@type":"ReadAction","target":["https:\/\/paratyplacas.com\/?page_id=8"]}]},{"@type":"WebSite","@id":"https:\/\/paratyplacas.com\/#website","url":"https:\/\/paratyplacas.com\/","name":"","description":"","potentialAction":[{"@type":"SearchAction","target":{"@type":"EntryPoint","urlTemplate":"https:\/\/paratyplacas.com\/?s={search_term_string}"},"query-input":"required name=search_term_string"}],"inLanguage":"pt-BR"}]}},"_links":{"self":[{"href":"https:\/\/paratyplacas.com\/index.php?rest_route=\/wp\/v2\/pages\/8","targetHints":{"allow":["GET"]}}],"collection":[{"href":"https:\/\/paratyplacas.com\/index.php?rest_route=\/wp\/v2\/pages"}],"about":[{"href":"https:\/\/paratyplacas.com\/index.php?rest_route=\/wp\/v2\/types\/page"}],"author":[{"embeddable":true,"href":"https:\/\/paratyplacas.com\/index.php?rest_route=\/wp\/v2\/users\/1"}],"replies":[{"embeddable":true,"href":"https:\/\/paratyplacas.com\/index.php?rest_route=%2Fwp%2Fv2%2Fcomments&post=8"}],"version-history":[{"count":12,"href":"https:\/\/paratyplacas.com\/index.php?rest_route=\/wp\/v2\/pages\/8\/revisions"}],"predecessor-version":[{"id":336,"href":"https:\/\/paratyplacas.com\/index.php?rest_route=\/wp\/v2\/pages\/8\/revisions\/336"}],"wp:attachment":[{"href":"https:\/\/paratyplacas.com\/index.php?rest_route=%2Fwp%2Fv2%2Fmedia&parent=8"}],"curies":[{"name":"wp","href":"https:\/\/api.w.org\/{rel}","templated":true}]}}